{"id":6253,"date":"2019-04-08T17:00:09","date_gmt":"2019-04-08T15:00:09","guid":{"rendered":"http:\/\/www.aleksov.mk\/?page_id=6253"},"modified":"2024-04-19T09:34:15","modified_gmt":"2024-04-19T07:34:15","slug":"kontakt","status":"publish","type":"page","link":"https:\/\/almelaw.com\/sq\/kontakt\/","title":{"rendered":"<span class=\"fw-medium\">Na<\/span> kontaktoni"},"content":{"rendered":"<p><\/p>\n<h1 class=\"text-uppercase fw-medium mb-3\">Keni nj\u00eb pyetje?<\/h1>\n<p>N\u00ebse keni pyetje n\u00eb lidhje me m\u00ebnyr\u00ebn ton\u00eb t\u00eb pun\u00ebs ose e dini se cili sh\u00ebrbim ju nevojitet dhe d\u00ebshironi nj\u00eb ofert\u00eb, ju lutemi plot\u00ebsoni formularin.<\/p>\n<p><button class=\"btn btn-primary mt-3 mb-5\" type=\"button\" data-bs-toggle=\"modal\" data-bs-target=\"#ispratiPorala\">Kam nje pyetje<\/button><\/p>\n<h1 class=\"text-uppercase fw-medium mb-3\">Programoni nj\u00eb konsult\u00eb<\/h1>\n<p>N\u00ebse keni pyetje shtes\u00eb n\u00eb lidhje me sh\u00ebrbimet ose d\u00ebshironi t\u00eb filloni bashk\u00ebpunimin, plot\u00ebsoni formularin p\u00ebr nj\u00eb takim falas p\u00ebr t\u00eb biseduar me nj\u00eb nga ekipi yn\u00eb.<\/p>\n<p><a href=\"https:\/\/almelaw.com\/zakazhi-sostanok\/\" class=\"btn btn-primary mt-3 mb-5\">Programoni nje konsulte<\/a><\/p>\n<div id=\"ispratiPorala\" class=\"modal fade\" tabindex=\"-1\" aria-hidden=\"true\">\n<div class=\"modal-dialog modal-lg modal-dialog-centered modal-dialog-scrollable\">\n<div class=\"modal-content\">\n<div class=\"modal-header py-4 px-lg-5 border-0\">\n<h1 class=\"modal-title fs-2 text-primary text-uppercase fw-medium\">Na d\u00ebrgoni nj\u00eb mesazh<\/h1>\n<p>&nbsp;<\/p>\n<\/div>\n<div class=\"modal-body pb-4 px-lg-5\">\n<div class=\"wpcf7 no-js\" id=\"wpcf7-f6577-o3\" lang=\"en-US\" dir=\"ltr\" data-wpcf7-id=\"6577\">\n<div class=\"screen-reader-response\"><p role=\"status\" aria-live=\"polite\" aria-atomic=\"true\"><\/p> <ul><\/ul><\/div>\n<form action=\"\/sq\/wp-json\/wp\/v2\/pages\/6253#wpcf7-f6577-o3\" method=\"post\" class=\"wpcf7-form init\" aria-label=\"Contact form\" novalidate=\"novalidate\" data-status=\"init\">\n<fieldset class=\"hidden-fields-container\"><input type=\"hidden\" name=\"_wpcf7\" value=\"6577\" \/><input type=\"hidden\" name=\"_wpcf7_version\" value=\"6.1.5\" \/><input type=\"hidden\" name=\"_wpcf7_locale\" value=\"en_US\" \/><input type=\"hidden\" name=\"_wpcf7_unit_tag\" value=\"wpcf7-f6577-o3\" \/><input type=\"hidden\" name=\"_wpcf7_container_post\" value=\"0\" \/><input type=\"hidden\" name=\"_wpcf7_posted_data_hash\" value=\"\" \/><input type=\"hidden\" name=\"_wpcf7cf_hidden_group_fields\" value=\"[]\" \/><input type=\"hidden\" name=\"_wpcf7cf_hidden_groups\" value=\"[]\" \/><input type=\"hidden\" name=\"_wpcf7cf_visible_groups\" value=\"[]\" \/><input type=\"hidden\" name=\"_wpcf7cf_repeaters\" value=\"[]\" \/><input type=\"hidden\" name=\"_wpcf7cf_steps\" value=\"{}\" \/><input type=\"hidden\" name=\"_wpcf7cf_options\" value=\"{&quot;form_id&quot;:6577,&quot;conditions&quot;:[],&quot;settings&quot;:{&quot;animation&quot;:&quot;yes&quot;,&quot;animation_intime&quot;:200,&quot;animation_outtime&quot;:200,&quot;conditions_ui&quot;:&quot;normal&quot;,&quot;notice_dismissed&quot;:false,&quot;notice_dismissed_rollback-cf7-6.0&quot;:true}}\" \/><input type=\"hidden\" name=\"_wpcf7_recaptcha_response\" value=\"\" \/>\n<\/fieldset>\n<div class=\"row g-3 mb-3\">\n  <div class=\"col-md-6\">\n    <label class=\"form-label\">\u0418\u041c\u0415 <span class=\"text-danger\">*<\/span><\/label>\n    <span class=\"wpcf7-form-control-wrap\" data-name=\"first-name\"><input size=\"40\" maxlength=\"400\" class=\"wpcf7-form-control wpcf7-text wpcf7-validates-as-required form-control\" aria-required=\"true\" aria-invalid=\"false\" value=\"\" type=\"text\" name=\"first-name\" \/><\/span>\n  <\/div>\n\n  <div class=\"col-md-6\">\n    <label class=\"form-label\">\u041f\u0420\u0415\u0417\u0418\u041c\u0415 <span class=\"text-danger\">*<\/span><\/label>\n    <span class=\"wpcf7-form-control-wrap\" data-name=\"last-name\"><input size=\"40\" maxlength=\"400\" class=\"wpcf7-form-control wpcf7-text wpcf7-validates-as-required form-control\" aria-required=\"true\" aria-invalid=\"false\" value=\"\" type=\"text\" name=\"last-name\" \/><\/span>\n  <\/div>\n\n  <div class=\"col-md-12\">\n    <label class=\"form-label\">E-MAIL <span class=\"text-danger\">*<\/span><\/label>\n    <span class=\"wpcf7-form-control-wrap\" data-name=\"your-email\"><input size=\"40\" maxlength=\"400\" class=\"wpcf7-form-control wpcf7-email wpcf7-validates-as-required wpcf7-text wpcf7-validates-as-email form-control\" aria-required=\"true\" aria-invalid=\"false\" placeholder=\"ime@kompanija.mk\" value=\"\" type=\"email\" name=\"your-email\" \/><\/span>\n  <\/div>\n\n  <div class=\"col-12\">\n    <label class=\"form-label\">\u041a\u041e\u041c\u041f\u0410\u041d\u0418\u0408\u0410<\/label>\n    <span class=\"wpcf7-form-control-wrap\" data-name=\"kompanija\"><input size=\"40\" maxlength=\"400\" class=\"wpcf7-form-control wpcf7-text form-control\" aria-invalid=\"false\" placeholder=\"\u0434\u043e\u043a\u043e\u043b\u043a\u0443 \u043d\u0435 \u043a\u043e\u043d\u0442\u0430\u043a\u0442\u0438\u0440\u0430\u0442\u0435 \u0432\u043e \u0438\u043c\u0435 \u043d\u0430 \u043a\u043e\u043c\u043f\u0430\u043d\u0438\u0458\u0430\" value=\"\" type=\"text\" name=\"kompanija\" \/><\/span>\n  <\/div>\n\n  <div class=\"col-12\">\n    <label class=\"form-label\">\u041f\u041e\u0417\u0418\u0426\u0418\u0408\u0410<\/label>\n    <span class=\"wpcf7-form-control-wrap\" data-name=\"pozaicija\"><input size=\"40\" maxlength=\"400\" class=\"wpcf7-form-control wpcf7-text form-control\" aria-invalid=\"false\" placeholder=\"\u0434\u043e\u043a\u043e\u043b\u043a\u0443 \u043d\u0435 \u043a\u043e\u043d\u0442\u0430\u043a\u0442\u0438\u0440\u0430\u0442\u0435 \u0432\u043e \u0438\u043c\u0435 \u043d\u0430 \u043a\u043e\u043c\u043f\u0430\u043d\u0438\u0458\u0430\" value=\"\" type=\"text\" name=\"pozaicija\" \/><\/span>\n  <\/div>\n\n  <div class=\"col-12\">\n    <label class=\"form-label\">\u041f\u041e\u0420\u0410\u041a\u0410 <span class=\"text-danger\">*<\/span><\/label>\n    <span class=\"wpcf7-form-control-wrap\" data-name=\"message\"><textarea cols=\"40\" rows=\"5\" maxlength=\"2000\" class=\"wpcf7-form-control wpcf7-textarea wpcf7-validates-as-required form-control\" aria-required=\"true\" aria-invalid=\"false\" name=\"message\"><\/textarea><\/span>\n  <\/div>\n\n  <div class=\"col-md-12\">\n    <label class=\"form-label\">\u041a\u0410\u041a\u041e \u0414\u041e\u0417\u041d\u0410\u0412\u0422\u0415 \u0417\u0410 \u041d\u0410\u0421:<\/label>\n    <span class=\"wpcf7-form-control-wrap\" data-name=\"region\"><select class=\"wpcf7-form-control wpcf7-select form-select\" aria-invalid=\"false\" name=\"region\"><option value=\"\">--<\/option><option value=\"\u041f\u043e \u043f\u0440\u0435\u043f\u043e\u0440\u0430\u043a\u0430 \u043d\u0430 \u043f\u0440\u0438\u0458\u0430\u0442\u0435\u043b\">\u041f\u043e \u043f\u0440\u0435\u043f\u043e\u0440\u0430\u043a\u0430 \u043d\u0430 \u043f\u0440\u0438\u0458\u0430\u0442\u0435\u043b<\/option><option value=\"\u0421\u043e\u0446\u0438\u0458\u0430\u043b\u043d\u0438 \u043c\u0435\u0434\u0438\u0443\u043c\u0438\">\u0421\u043e\u0446\u0438\u0458\u0430\u043b\u043d\u0438 \u043c\u0435\u0434\u0438\u0443\u043c\u0438<\/option><option value=\"\u0418\u043d\u0442\u0435\u0440\u043d\u0435\u0442 \u043f\u0440\u0435\u0431\u0430\u0440\u0443\u0432\u0430\u0447 (Google, Yahoo...)\">\u0418\u043d\u0442\u0435\u0440\u043d\u0435\u0442 \u043f\u0440\u0435\u0431\u0430\u0440\u0443\u0432\u0430\u0447 (Google, Yahoo...)<\/option><option value=\"\u0414\u0440\u0443\u0433\u043e\">\u0414\u0440\u0443\u0433\u043e<\/option><\/select><\/span>\n  <\/div>\n\n  <div class=\"col-12 mt-5\">\n    <button type=\"submit\" class=\"btn btn-primary wpcf7-submit w-100\">\u0418\u0441\u043f\u0440\u0430\u0442\u0438<\/button>\n  <\/div>\n\n<\/div><div class=\"wpcf7-response-output\" aria-hidden=\"true\"><\/div>\n<\/form>\n<\/div>\n<\/div>\n<\/div>\n<\/div>\n<\/div>\n<div id=\"zakaziKonsultacija\" class=\"modal fade\" tabindex=\"-1\" aria-hidden=\"true\">\n<div class=\"modal-dialog modal-lg modal-dialog-centered modal-dialog-scrollable\">\n<div class=\"modal-content\">\n<div class=\"modal-header py-4 px-lg-5 border-0\">\n<h1 class=\"modal-title fs-2 text-primary text-uppercase fw-medium\">Programoni nj\u00eb konsult\u00eb<\/h1>\n<p>&nbsp;<\/p>\n<\/div>\n<div class=\"modal-body pb-4 px-lg-5\">schedule a consultation<\/div>\n<\/div>\n<\/div>\n<\/div>\n<p><\/p>","protected":false},"excerpt":{"rendered":"<p>Keni nj\u00eb pyetje? N\u00ebse keni pyetje n\u00eb lidhje me m\u00ebnyr\u00ebn ton\u00eb t\u00eb pun\u00ebs ose e dini se cili sh\u00ebrbim ju nevojitet dhe d\u00ebshironi nj\u00eb ofert\u00eb, ju lutemi plot\u00ebsoni formularin. Kam nje pyetje Programoni nj\u00eb konsult\u00eb N\u00ebse keni pyetje shtes\u00eb n\u00eb lidhje me sh\u00ebrbimet ose d\u00ebshironi t\u00eb filloni bashk\u00ebpunimin, plot\u00ebsoni formularin p\u00ebr nj\u00eb takim falas p\u00ebr [&hellip;]<\/p>\n","protected":false},"author":1,"featured_media":8587,"parent":0,"menu_order":0,"comment_status":"closed","ping_status":"closed","template":"page-templates\/page-kontakt.php","meta":{"_acf_changed":false,"footnotes":""},"class_list":["post-6253","page","type-page","status-publish","has-post-thumbnail","hentry"],"acf":[],"yoast_head":"<!-- This site is optimized with the Yoast SEO plugin v27.4 - https:\/\/yoast.com\/product\/yoast-seo-wordpress\/ -->\n<title>\u041a\u043e\u043d\u0442\u0430\u043a\u0442\u0438\u0440\u0430\u0458\u0442\u0435 \u043d\u0450 \u043d\u0430: advokat@aleksov.mk<\/title>\n<meta name=\"description\" content=\"\u041a\u043e\u043d\u0442\u0430\u043a\u0442\u0438\u0440\u0430\u0458\u0442\u0435 \u043d\u0450 \u043d\u0430: advokat@aleksov.mk \u0438\u043b\u0438 \u043d\u0430 \u0442\u0435\u043b\u0435\u0444\u043e\u043d\u0441\u043a\u0438\u043e\u0442 \u0431\u0440\u043e\u0458 +389 78 201 589.\" \/>\n<meta name=\"robots\" content=\"index, follow, max-snippet:-1, max-image-preview:large, max-video-preview:-1\" \/>\n<link rel=\"canonical\" href=\"https:\/\/almelaw.com\/sq\/kontakt\/\" \/>\n<meta property=\"og:locale\" content=\"sq_AL\" \/>\n<meta property=\"og:type\" content=\"article\" \/>\n<meta property=\"og:title\" content=\"\u041a\u043e\u043d\u0442\u0430\u043a\u0442\u0438\u0440\u0430\u0458\u0442\u0435 \u043d\u0450 \u043d\u0430: advokat@aleksov.mk\" \/>\n<meta property=\"og:description\" content=\"\u041a\u043e\u043d\u0442\u0430\u043a\u0442\u0438\u0440\u0430\u0458\u0442\u0435 \u043d\u0450 \u043d\u0430: advokat@aleksov.mk \u0438\u043b\u0438 \u043d\u0430 \u0442\u0435\u043b\u0435\u0444\u043e\u043d\u0441\u043a\u0438\u043e\u0442 \u0431\u0440\u043e\u0458 +389 78 201 589.\" \/>\n<meta property=\"og:url\" content=\"https:\/\/almelaw.com\/sq\/kontakt\/\" \/>\n<meta property=\"og:site_name\" content=\"Law Office Aleksov &amp; Memishi\" \/>\n<meta property=\"article:publisher\" content=\"https:\/\/www.facebook.com\/advokataleksov\/\" \/>\n<meta property=\"article:modified_time\" content=\"2024-04-19T07:34:15+00:00\" \/>\n<meta property=\"og:image\" content=\"https:\/\/almelaw.com\/wp-content\/uploads\/2024\/02\/dizajni-za-blog-22.png\" \/>\n\t<meta property=\"og:image:width\" content=\"1200\" \/>\n\t<meta property=\"og:image:height\" content=\"628\" \/>\n\t<meta property=\"og:image:type\" content=\"image\/png\" \/>\n<meta name=\"twitter:card\" content=\"summary_large_image\" \/>\n<meta name=\"twitter:label1\" content=\"Est. reading time\" \/>\n\t<meta name=\"twitter:data1\" content=\"1 minute\" \/>\n<script type=\"application\/ld+json\" class=\"yoast-schema-graph\">{\"@context\":\"https:\\\/\\\/schema.org\",\"@graph\":[{\"@type\":\"WebPage\",\"@id\":\"https:\\\/\\\/almelaw.com\\\/sq\\\/kontakt\\\/\",\"url\":\"https:\\\/\\\/almelaw.com\\\/sq\\\/kontakt\\\/\",\"name\":\"\u041a\u043e\u043d\u0442\u0430\u043a\u0442\u0438\u0440\u0430\u0458\u0442\u0435 \u043d\u0450 \u043d\u0430: advokat@aleksov.mk\",\"isPartOf\":{\"@id\":\"https:\\\/\\\/almelaw.com\\\/sq\\\/#website\"},\"primaryImageOfPage\":{\"@id\":\"https:\\\/\\\/almelaw.com\\\/sq\\\/kontakt\\\/#primaryimage\"},\"image\":{\"@id\":\"https:\\\/\\\/almelaw.com\\\/kontakt\\\/#primaryimage\"},\"thumbnailUrl\":\"https:\\\/\\\/almelaw.com\\\/wp-content\\\/uploads\\\/2024\\\/02\\\/dizajni-za-blog-22.png\",\"datePublished\":\"2019-04-08T15:00:09+00:00\",\"dateModified\":\"2024-04-19T07:34:15+00:00\",\"description\":\"\u041a\u043e\u043d\u0442\u0430\u043a\u0442\u0438\u0440\u0430\u0458\u0442\u0435 \u043d\u0450 \u043d\u0430: advokat@aleksov.mk \u0438\u043b\u0438 \u043d\u0430 \u0442\u0435\u043b\u0435\u0444\u043e\u043d\u0441\u043a\u0438\u043e\u0442 \u0431\u0440\u043e\u0458 +389 78 201 589.\",\"inLanguage\":\"sq-AL\",\"potentialAction\":[{\"@type\":\"ReadAction\",\"target\":[[\"https:\\\/\\\/almelaw.com\\\/sq\\\/kontakt\\\/\"]]}]},{\"@type\":\"ImageObject\",\"inLanguage\":\"sq-AL\",\"@id\":\"https:\\\/\\\/almelaw.com\\\/sq\\\/kontakt\\\/#primaryimage\",\"url\":\"https:\\\/\\\/almelaw.com\\\/wp-content\\\/uploads\\\/2024\\\/02\\\/dizajni-za-blog-22.png\",\"contentUrl\":\"https:\\\/\\\/almelaw.com\\\/wp-content\\\/uploads\\\/2024\\\/02\\\/dizajni-za-blog-22.png\",\"width\":1200,\"height\":628},{\"@type\":\"WebSite\",\"@id\":\"https:\\\/\\\/almelaw.com\\\/sq\\\/#website\",\"url\":\"https:\\\/\\\/almelaw.com\\\/sq\\\/\",\"name\":\"Law Firm ALME\",\"description\":\"Lawyers for the Digital Age\",\"publisher\":{\"@id\":\"https:\\\/\\\/almelaw.com\\\/sq\\\/#organization\"},\"alternateName\":\"almelaw.com\",\"potentialAction\":[{\"@type\":\"SearchAction\",\"target\":{\"@type\":\"EntryPoint\",\"urlTemplate\":\"https:\\\/\\\/almelaw.com\\\/sq\\\/?s={search_term_string}\"},\"query-input\":{\"@type\":\"PropertyValueSpecification\",\"valueRequired\":true,\"valueName\":\"search_term_string\"}}],\"inLanguage\":\"sq-AL\"},{\"@type\":\"Organization\",\"@id\":\"https:\\\/\\\/almelaw.com\\\/sq\\\/#organization\",\"name\":\"Law Office Aleksov & Memishi\",\"alternateName\":\"almelaw.com\",\"url\":\"https:\\\/\\\/almelaw.com\\\/sq\\\/\",\"logo\":{\"@type\":\"ImageObject\",\"inLanguage\":\"sq-AL\",\"@id\":\"https:\\\/\\\/almelaw.com\\\/sq\\\/#\\\/schema\\\/logo\\\/image\\\/\",\"url\":\"https:\\\/\\\/almelaw.com\\\/wp-content\\\/uploads\\\/2024\\\/04\\\/law_office_aleksov_memishi_logo.jpeg\",\"contentUrl\":\"https:\\\/\\\/almelaw.com\\\/wp-content\\\/uploads\\\/2024\\\/04\\\/law_office_aleksov_memishi_logo.jpeg\",\"width\":200,\"height\":200,\"caption\":\"Law Office Aleksov & Memishi\"},\"image\":{\"@id\":\"https:\\\/\\\/almelaw.com\\\/sq\\\/#\\\/schema\\\/logo\\\/image\\\/\"},\"sameAs\":[\"https:\\\/\\\/www.facebook.com\\\/advokataleksov\\\/\",\"https:\\\/\\\/www.linkedin.com\\\/company\\\/law-office-aleksov-memishi\\\/\"]}]}<\/script>\n<!-- \/ Yoast SEO plugin. -->","yoast_head_json":{"title":"\u041a\u043e\u043d\u0442\u0430\u043a\u0442\u0438\u0440\u0430\u0458\u0442\u0435 \u043d\u0450 \u043d\u0430: advokat@aleksov.mk","description":"\u041a\u043e\u043d\u0442\u0430\u043a\u0442\u0438\u0440\u0430\u0458\u0442\u0435 \u043d\u0450 \u043d\u0430: advokat@aleksov.mk \u0438\u043b\u0438 \u043d\u0430 \u0442\u0435\u043b\u0435\u0444\u043e\u043d\u0441\u043a\u0438\u043e\u0442 \u0431\u0440\u043e\u0458 +389 78 201 589.","robots":{"index":"index","follow":"follow","max-snippet":"max-snippet:-1","max-image-preview":"max-image-preview:large","max-video-preview":"max-video-preview:-1"},"canonical":"https:\/\/almelaw.com\/sq\/kontakt\/","og_locale":"sq_AL","og_type":"article","og_title":"\u041a\u043e\u043d\u0442\u0430\u043a\u0442\u0438\u0440\u0430\u0458\u0442\u0435 \u043d\u0450 \u043d\u0430: advokat@aleksov.mk","og_description":"\u041a\u043e\u043d\u0442\u0430\u043a\u0442\u0438\u0440\u0430\u0458\u0442\u0435 \u043d\u0450 \u043d\u0430: advokat@aleksov.mk \u0438\u043b\u0438 \u043d\u0430 \u0442\u0435\u043b\u0435\u0444\u043e\u043d\u0441\u043a\u0438\u043e\u0442 \u0431\u0440\u043e\u0458 +389 78 201 589.","og_url":"https:\/\/almelaw.com\/sq\/kontakt\/","og_site_name":"Law Office Aleksov &amp; Memishi","article_publisher":"https:\/\/www.facebook.com\/advokataleksov\/","article_modified_time":"2024-04-19T07:34:15+00:00","og_image":[{"width":1200,"height":628,"url":"https:\/\/almelaw.com\/wp-content\/uploads\/2024\/02\/dizajni-za-blog-22.png","type":"image\/png"}],"twitter_card":"summary_large_image","twitter_misc":{"Est. reading time":"1 minute"},"schema":{"@context":"https:\/\/schema.org","@graph":[{"@type":"WebPage","@id":"https:\/\/almelaw.com\/sq\/kontakt\/","url":"https:\/\/almelaw.com\/sq\/kontakt\/","name":"\u041a\u043e\u043d\u0442\u0430\u043a\u0442\u0438\u0440\u0430\u0458\u0442\u0435 \u043d\u0450 \u043d\u0430: advokat@aleksov.mk","isPartOf":{"@id":"https:\/\/almelaw.com\/sq\/#website"},"primaryImageOfPage":{"@id":"https:\/\/almelaw.com\/sq\/kontakt\/#primaryimage"},"image":{"@id":"https:\/\/almelaw.com\/kontakt\/#primaryimage"},"thumbnailUrl":"https:\/\/almelaw.com\/wp-content\/uploads\/2024\/02\/dizajni-za-blog-22.png","datePublished":"2019-04-08T15:00:09+00:00","dateModified":"2024-04-19T07:34:15+00:00","description":"\u041a\u043e\u043d\u0442\u0430\u043a\u0442\u0438\u0440\u0430\u0458\u0442\u0435 \u043d\u0450 \u043d\u0430: advokat@aleksov.mk \u0438\u043b\u0438 \u043d\u0430 \u0442\u0435\u043b\u0435\u0444\u043e\u043d\u0441\u043a\u0438\u043e\u0442 \u0431\u0440\u043e\u0458 +389 78 201 589.","inLanguage":"sq-AL","potentialAction":[{"@type":"ReadAction","target":[["https:\/\/almelaw.com\/sq\/kontakt\/"]]}]},{"@type":"ImageObject","inLanguage":"sq-AL","@id":"https:\/\/almelaw.com\/sq\/kontakt\/#primaryimage","url":"https:\/\/almelaw.com\/wp-content\/uploads\/2024\/02\/dizajni-za-blog-22.png","contentUrl":"https:\/\/almelaw.com\/wp-content\/uploads\/2024\/02\/dizajni-za-blog-22.png","width":1200,"height":628},{"@type":"WebSite","@id":"https:\/\/almelaw.com\/sq\/#website","url":"https:\/\/almelaw.com\/sq\/","name":"Law Firm ALME","description":"Lawyers for the Digital Age","publisher":{"@id":"https:\/\/almelaw.com\/sq\/#organization"},"alternateName":"almelaw.com","potentialAction":[{"@type":"SearchAction","target":{"@type":"EntryPoint","urlTemplate":"https:\/\/almelaw.com\/sq\/?s={search_term_string}"},"query-input":{"@type":"PropertyValueSpecification","valueRequired":true,"valueName":"search_term_string"}}],"inLanguage":"sq-AL"},{"@type":"Organization","@id":"https:\/\/almelaw.com\/sq\/#organization","name":"Law Office Aleksov & Memishi","alternateName":"almelaw.com","url":"https:\/\/almelaw.com\/sq\/","logo":{"@type":"ImageObject","inLanguage":"sq-AL","@id":"https:\/\/almelaw.com\/sq\/#\/schema\/logo\/image\/","url":"https:\/\/almelaw.com\/wp-content\/uploads\/2024\/04\/law_office_aleksov_memishi_logo.jpeg","contentUrl":"https:\/\/almelaw.com\/wp-content\/uploads\/2024\/04\/law_office_aleksov_memishi_logo.jpeg","width":200,"height":200,"caption":"Law Office Aleksov & Memishi"},"image":{"@id":"https:\/\/almelaw.com\/sq\/#\/schema\/logo\/image\/"},"sameAs":["https:\/\/www.facebook.com\/advokataleksov\/","https:\/\/www.linkedin.com\/company\/law-office-aleksov-memishi\/"]}]}},"_links":{"self":[{"href":"https:\/\/almelaw.com\/sq\/wp-json\/wp\/v2\/pages\/6253","targetHints":{"allow":["GET"]}}],"collection":[{"href":"https:\/\/almelaw.com\/sq\/wp-json\/wp\/v2\/pages"}],"about":[{"href":"https:\/\/almelaw.com\/sq\/wp-json\/wp\/v2\/types\/page"}],"author":[{"embeddable":true,"href":"https:\/\/almelaw.com\/sq\/wp-json\/wp\/v2\/users\/1"}],"replies":[{"embeddable":true,"href":"https:\/\/almelaw.com\/sq\/wp-json\/wp\/v2\/comments?post=6253"}],"version-history":[{"count":0,"href":"https:\/\/almelaw.com\/sq\/wp-json\/wp\/v2\/pages\/6253\/revisions"}],"wp:featuredmedia":[{"embeddable":true,"href":"https:\/\/almelaw.com\/sq\/wp-json\/wp\/v2\/media\/8587"}],"wp:attachment":[{"href":"https:\/\/almelaw.com\/sq\/wp-json\/wp\/v2\/media?parent=6253"}],"curies":[{"name":"wp","href":"https:\/\/api.w.org\/{rel}","templated":true}]}}