{"id":9887,"date":"2024-10-28T14:19:03","date_gmt":"2024-10-28T13:19:03","guid":{"rendered":"https:\/\/almelaw.com\/?page_id=9887"},"modified":"2024-10-28T14:31:24","modified_gmt":"2024-10-28T13:31:24","slug":"uslugi-od-rabotnite-odnosi","status":"publish","type":"page","link":"https:\/\/almelaw.com\/sq\/uslugi-od-rabotnite-odnosi\/","title":{"rendered":"Sh\u00ebrbime q\u00eb lidhen me marr\u00ebdh\u00ebniet e pun\u00ebs"},"content":{"rendered":"","protected":false},"excerpt":{"rendered":"","protected":false},"author":10,"featured_media":9893,"parent":0,"menu_order":0,"comment_status":"closed","ping_status":"closed","template":"page-templates\/page-zakoni.php","meta":{"_acf_changed":false,"footnotes":""},"class_list":["post-9887","page","type-page","status-publish","has-post-thumbnail","hentry"],"acf":[],"yoast_head":"<!-- This site is optimized with the Yoast SEO plugin v27.4 - https:\/\/yoast.com\/product\/yoast-seo-wordpress\/ -->\n<title>Sh\u00ebrbime q\u00eb lidhen me marr\u00ebdh\u00ebniet e pun\u00ebs | Law Office Aleksov &amp; Memishi<\/title>\n<meta name=\"description\" content=\"\u0421\u043e\u0441\u0442\u0430\u0432 \u043d\u0430 \u0414\u043e\u0433\u043e\u0432\u043e\u0440 \u0437\u0430 \u0432\u0440\u0430\u0431\u043e\u0442\u0443\u0432\u0430\u045a\u0435, \u0440\u0430\u0431\u043e\u0442\u0430 \u043e\u0434 \u0434\u043e\u043c\u0430, \u043f\u0440\u0430\u0432\u0438\u043b\u043d\u0438\u0446\u0438 \u0437\u0430 \u043f\u043e\u0441\u0442\u0430\u043f\u043a\u0430 \u043d\u0430 \u0434\u0430\u0432\u0430\u045a\u0435 \u043d\u0430 \u043e\u0442\u043a\u0430\u0437, \u043f\u0440\u0438\u0447\u0438\u043d\u0438 \u0438 \u0437\u0430\u0434\u043e\u043b\u0436\u0438\u0442\u0435\u043b\u043d\u0438 \u0434\u043e\u043a\u0443\u043c\u0435\u043d\u0442\u0438, \u043e\u0441\u0442\u0430\u043d\u0430\u0442\u0438 \u043f\u0440\u0430\u0432..\" \/>\n<meta name=\"robots\" content=\"index, follow, max-snippet:-1, max-image-preview:large, max-video-preview:-1\" \/>\n<link rel=\"canonical\" href=\"https:\/\/almelaw.com\/sq\/uslugi-od-rabotnite-odnosi\/\" \/>\n<meta property=\"og:locale\" content=\"sq_AL\" \/>\n<meta property=\"og:type\" content=\"article\" \/>\n<meta property=\"og:title\" content=\"Sh\u00ebrbime q\u00eb lidhen me marr\u00ebdh\u00ebniet e pun\u00ebs | Law Office Aleksov &amp; Memishi\" \/>\n<meta property=\"og:description\" content=\"\u0421\u043e\u0441\u0442\u0430\u0432 \u043d\u0430 \u0414\u043e\u0433\u043e\u0432\u043e\u0440 \u0437\u0430 \u0432\u0440\u0430\u0431\u043e\u0442\u0443\u0432\u0430\u045a\u0435, \u0440\u0430\u0431\u043e\u0442\u0430 \u043e\u0434 \u0434\u043e\u043c\u0430, \u043f\u0440\u0430\u0432\u0438\u043b\u043d\u0438\u0446\u0438 \u0437\u0430 \u043f\u043e\u0441\u0442\u0430\u043f\u043a\u0430 \u043d\u0430 \u0434\u0430\u0432\u0430\u045a\u0435 \u043d\u0430 \u043e\u0442\u043a\u0430\u0437, \u043f\u0440\u0438\u0447\u0438\u043d\u0438 \u0438 \u0437\u0430\u0434\u043e\u043b\u0436\u0438\u0442\u0435\u043b\u043d\u0438 \u0434\u043e\u043a\u0443\u043c\u0435\u043d\u0442\u0438, \u043e\u0441\u0442\u0430\u043d\u0430\u0442\u0438 \u043f\u0440\u0430\u0432..\" \/>\n<meta property=\"og:url\" content=\"https:\/\/almelaw.com\/sq\/uslugi-od-rabotnite-odnosi\/\" \/>\n<meta property=\"og:site_name\" content=\"Law Office Aleksov &amp; Memishi\" \/>\n<meta property=\"article:publisher\" content=\"https:\/\/www.facebook.com\/advokataleksov\/\" \/>\n<meta property=\"article:modified_time\" content=\"2024-10-28T13:31:24+00:00\" \/>\n<meta property=\"og:image\" content=\"https:\/\/almelaw.com\/wp-content\/uploads\/2024\/10\/zro-page-slika-1.jpg\" \/>\n\t<meta property=\"og:image:width\" content=\"1920\" \/>\n\t<meta property=\"og:image:height\" content=\"1080\" \/>\n\t<meta property=\"og:image:type\" content=\"image\/jpeg\" \/>\n<meta name=\"twitter:card\" content=\"summary_large_image\" \/>\n<meta name=\"twitter:label1\" content=\"Est. reading time\" \/>\n\t<meta name=\"twitter:data1\" content=\"1 minute\" \/>\n<script type=\"application\/ld+json\" class=\"yoast-schema-graph\">{\"@context\":\"https:\\\/\\\/schema.org\",\"@graph\":[{\"@type\":\"WebPage\",\"@id\":\"https:\\\/\\\/almelaw.com\\\/sq\\\/uslugi-od-rabotnite-odnosi\\\/\",\"url\":\"https:\\\/\\\/almelaw.com\\\/sq\\\/uslugi-od-rabotnite-odnosi\\\/\",\"name\":\"Sh\u00ebrbime q\u00eb lidhen me marr\u00ebdh\u00ebniet e pun\u00ebs | Law Office Aleksov &amp; Memishi\",\"isPartOf\":{\"@id\":\"https:\\\/\\\/almelaw.com\\\/sq\\\/#website\"},\"primaryImageOfPage\":{\"@id\":\"https:\\\/\\\/almelaw.com\\\/sq\\\/uslugi-od-rabotnite-odnosi\\\/#primaryimage\"},\"image\":{\"@id\":\"https:\\\/\\\/almelaw.com\\\/uslugi-od-rabotnite-odnosi\\\/#primaryimage\"},\"thumbnailUrl\":\"https:\\\/\\\/almelaw.com\\\/wp-content\\\/uploads\\\/2024\\\/10\\\/zro-page-slika-1.jpg\",\"datePublished\":\"2024-10-28T13:19:03+00:00\",\"dateModified\":\"2024-10-28T13:31:24+00:00\",\"description\":\"\u0421\u043e\u0441\u0442\u0430\u0432 \u043d\u0430 \u0414\u043e\u0433\u043e\u0432\u043e\u0440 \u0437\u0430 \u0432\u0440\u0430\u0431\u043e\u0442\u0443\u0432\u0430\u045a\u0435, \u0440\u0430\u0431\u043e\u0442\u0430 \u043e\u0434 \u0434\u043e\u043c\u0430, \u043f\u0440\u0430\u0432\u0438\u043b\u043d\u0438\u0446\u0438 \u0437\u0430 \u043f\u043e\u0441\u0442\u0430\u043f\u043a\u0430 \u043d\u0430 \u0434\u0430\u0432\u0430\u045a\u0435 \u043d\u0430 \u043e\u0442\u043a\u0430\u0437, \u043f\u0440\u0438\u0447\u0438\u043d\u0438 \u0438 \u0437\u0430\u0434\u043e\u043b\u0436\u0438\u0442\u0435\u043b\u043d\u0438 \u0434\u043e\u043a\u0443\u043c\u0435\u043d\u0442\u0438, \u043e\u0441\u0442\u0430\u043d\u0430\u0442\u0438 \u043f\u0440\u0430\u0432..\",\"inLanguage\":\"sq-AL\",\"potentialAction\":[{\"@type\":\"ReadAction\",\"target\":[[\"https:\\\/\\\/almelaw.com\\\/sq\\\/uslugi-od-rabotnite-odnosi\\\/\"]]}]},{\"@type\":\"ImageObject\",\"inLanguage\":\"sq-AL\",\"@id\":\"https:\\\/\\\/almelaw.com\\\/sq\\\/uslugi-od-rabotnite-odnosi\\\/#primaryimage\",\"url\":\"https:\\\/\\\/almelaw.com\\\/wp-content\\\/uploads\\\/2024\\\/10\\\/zro-page-slika-1.jpg\",\"contentUrl\":\"https:\\\/\\\/almelaw.com\\\/wp-content\\\/uploads\\\/2024\\\/10\\\/zro-page-slika-1.jpg\",\"width\":1920,\"height\":1080,\"caption\":\"zakon za rabotnite odnosi it\"},{\"@type\":\"WebSite\",\"@id\":\"https:\\\/\\\/almelaw.com\\\/sq\\\/#website\",\"url\":\"https:\\\/\\\/almelaw.com\\\/sq\\\/\",\"name\":\"Law Firm ALME\",\"description\":\"Lawyers for the Digital Age\",\"publisher\":{\"@id\":\"https:\\\/\\\/almelaw.com\\\/sq\\\/#organization\"},\"alternateName\":\"almelaw.com\",\"potentialAction\":[{\"@type\":\"SearchAction\",\"target\":{\"@type\":\"EntryPoint\",\"urlTemplate\":\"https:\\\/\\\/almelaw.com\\\/sq\\\/?s={search_term_string}\"},\"query-input\":{\"@type\":\"PropertyValueSpecification\",\"valueRequired\":true,\"valueName\":\"search_term_string\"}}],\"inLanguage\":\"sq-AL\"},{\"@type\":\"Organization\",\"@id\":\"https:\\\/\\\/almelaw.com\\\/sq\\\/#organization\",\"name\":\"Law Office Aleksov & Memishi\",\"alternateName\":\"almelaw.com\",\"url\":\"https:\\\/\\\/almelaw.com\\\/sq\\\/\",\"logo\":{\"@type\":\"ImageObject\",\"inLanguage\":\"sq-AL\",\"@id\":\"https:\\\/\\\/almelaw.com\\\/sq\\\/#\\\/schema\\\/logo\\\/image\\\/\",\"url\":\"https:\\\/\\\/almelaw.com\\\/wp-content\\\/uploads\\\/2024\\\/04\\\/law_office_aleksov_memishi_logo.jpeg\",\"contentUrl\":\"https:\\\/\\\/almelaw.com\\\/wp-content\\\/uploads\\\/2024\\\/04\\\/law_office_aleksov_memishi_logo.jpeg\",\"width\":200,\"height\":200,\"caption\":\"Law Office Aleksov & Memishi\"},\"image\":{\"@id\":\"https:\\\/\\\/almelaw.com\\\/sq\\\/#\\\/schema\\\/logo\\\/image\\\/\"},\"sameAs\":[\"https:\\\/\\\/www.facebook.com\\\/advokataleksov\\\/\",\"https:\\\/\\\/www.linkedin.com\\\/company\\\/law-office-aleksov-memishi\\\/\"]}]}<\/script>\n<!-- \/ Yoast SEO plugin. -->","yoast_head_json":{"title":"Sh\u00ebrbime q\u00eb lidhen me marr\u00ebdh\u00ebniet e pun\u00ebs | Law Office Aleksov &amp; Memishi","description":"\u0421\u043e\u0441\u0442\u0430\u0432 \u043d\u0430 \u0414\u043e\u0433\u043e\u0432\u043e\u0440 \u0437\u0430 \u0432\u0440\u0430\u0431\u043e\u0442\u0443\u0432\u0430\u045a\u0435, \u0440\u0430\u0431\u043e\u0442\u0430 \u043e\u0434 \u0434\u043e\u043c\u0430, \u043f\u0440\u0430\u0432\u0438\u043b\u043d\u0438\u0446\u0438 \u0437\u0430 \u043f\u043e\u0441\u0442\u0430\u043f\u043a\u0430 \u043d\u0430 \u0434\u0430\u0432\u0430\u045a\u0435 \u043d\u0430 \u043e\u0442\u043a\u0430\u0437, \u043f\u0440\u0438\u0447\u0438\u043d\u0438 \u0438 \u0437\u0430\u0434\u043e\u043b\u0436\u0438\u0442\u0435\u043b\u043d\u0438 \u0434\u043e\u043a\u0443\u043c\u0435\u043d\u0442\u0438, \u043e\u0441\u0442\u0430\u043d\u0430\u0442\u0438 \u043f\u0440\u0430\u0432..","robots":{"index":"index","follow":"follow","max-snippet":"max-snippet:-1","max-image-preview":"max-image-preview:large","max-video-preview":"max-video-preview:-1"},"canonical":"https:\/\/almelaw.com\/sq\/uslugi-od-rabotnite-odnosi\/","og_locale":"sq_AL","og_type":"article","og_title":"Sh\u00ebrbime q\u00eb lidhen me marr\u00ebdh\u00ebniet e pun\u00ebs | Law Office Aleksov &amp; Memishi","og_description":"\u0421\u043e\u0441\u0442\u0430\u0432 \u043d\u0430 \u0414\u043e\u0433\u043e\u0432\u043e\u0440 \u0437\u0430 \u0432\u0440\u0430\u0431\u043e\u0442\u0443\u0432\u0430\u045a\u0435, \u0440\u0430\u0431\u043e\u0442\u0430 \u043e\u0434 \u0434\u043e\u043c\u0430, \u043f\u0440\u0430\u0432\u0438\u043b\u043d\u0438\u0446\u0438 \u0437\u0430 \u043f\u043e\u0441\u0442\u0430\u043f\u043a\u0430 \u043d\u0430 \u0434\u0430\u0432\u0430\u045a\u0435 \u043d\u0430 \u043e\u0442\u043a\u0430\u0437, \u043f\u0440\u0438\u0447\u0438\u043d\u0438 \u0438 \u0437\u0430\u0434\u043e\u043b\u0436\u0438\u0442\u0435\u043b\u043d\u0438 \u0434\u043e\u043a\u0443\u043c\u0435\u043d\u0442\u0438, \u043e\u0441\u0442\u0430\u043d\u0430\u0442\u0438 \u043f\u0440\u0430\u0432..","og_url":"https:\/\/almelaw.com\/sq\/uslugi-od-rabotnite-odnosi\/","og_site_name":"Law Office Aleksov &amp; Memishi","article_publisher":"https:\/\/www.facebook.com\/advokataleksov\/","article_modified_time":"2024-10-28T13:31:24+00:00","og_image":[{"width":1920,"height":1080,"url":"https:\/\/almelaw.com\/wp-content\/uploads\/2024\/10\/zro-page-slika-1.jpg","type":"image\/jpeg"}],"twitter_card":"summary_large_image","twitter_misc":{"Est. reading time":"1 minute"},"schema":{"@context":"https:\/\/schema.org","@graph":[{"@type":"WebPage","@id":"https:\/\/almelaw.com\/sq\/uslugi-od-rabotnite-odnosi\/","url":"https:\/\/almelaw.com\/sq\/uslugi-od-rabotnite-odnosi\/","name":"Sh\u00ebrbime q\u00eb lidhen me marr\u00ebdh\u00ebniet e pun\u00ebs | Law Office Aleksov &amp; Memishi","isPartOf":{"@id":"https:\/\/almelaw.com\/sq\/#website"},"primaryImageOfPage":{"@id":"https:\/\/almelaw.com\/sq\/uslugi-od-rabotnite-odnosi\/#primaryimage"},"image":{"@id":"https:\/\/almelaw.com\/uslugi-od-rabotnite-odnosi\/#primaryimage"},"thumbnailUrl":"https:\/\/almelaw.com\/wp-content\/uploads\/2024\/10\/zro-page-slika-1.jpg","datePublished":"2024-10-28T13:19:03+00:00","dateModified":"2024-10-28T13:31:24+00:00","description":"\u0421\u043e\u0441\u0442\u0430\u0432 \u043d\u0430 \u0414\u043e\u0433\u043e\u0432\u043e\u0440 \u0437\u0430 \u0432\u0440\u0430\u0431\u043e\u0442\u0443\u0432\u0430\u045a\u0435, \u0440\u0430\u0431\u043e\u0442\u0430 \u043e\u0434 \u0434\u043e\u043c\u0430, \u043f\u0440\u0430\u0432\u0438\u043b\u043d\u0438\u0446\u0438 \u0437\u0430 \u043f\u043e\u0441\u0442\u0430\u043f\u043a\u0430 \u043d\u0430 \u0434\u0430\u0432\u0430\u045a\u0435 \u043d\u0430 \u043e\u0442\u043a\u0430\u0437, \u043f\u0440\u0438\u0447\u0438\u043d\u0438 \u0438 \u0437\u0430\u0434\u043e\u043b\u0436\u0438\u0442\u0435\u043b\u043d\u0438 \u0434\u043e\u043a\u0443\u043c\u0435\u043d\u0442\u0438, \u043e\u0441\u0442\u0430\u043d\u0430\u0442\u0438 \u043f\u0440\u0430\u0432..","inLanguage":"sq-AL","potentialAction":[{"@type":"ReadAction","target":[["https:\/\/almelaw.com\/sq\/uslugi-od-rabotnite-odnosi\/"]]}]},{"@type":"ImageObject","inLanguage":"sq-AL","@id":"https:\/\/almelaw.com\/sq\/uslugi-od-rabotnite-odnosi\/#primaryimage","url":"https:\/\/almelaw.com\/wp-content\/uploads\/2024\/10\/zro-page-slika-1.jpg","contentUrl":"https:\/\/almelaw.com\/wp-content\/uploads\/2024\/10\/zro-page-slika-1.jpg","width":1920,"height":1080,"caption":"zakon za rabotnite odnosi it"},{"@type":"WebSite","@id":"https:\/\/almelaw.com\/sq\/#website","url":"https:\/\/almelaw.com\/sq\/","name":"Law Firm ALME","description":"Lawyers for the Digital Age","publisher":{"@id":"https:\/\/almelaw.com\/sq\/#organization"},"alternateName":"almelaw.com","potentialAction":[{"@type":"SearchAction","target":{"@type":"EntryPoint","urlTemplate":"https:\/\/almelaw.com\/sq\/?s={search_term_string}"},"query-input":{"@type":"PropertyValueSpecification","valueRequired":true,"valueName":"search_term_string"}}],"inLanguage":"sq-AL"},{"@type":"Organization","@id":"https:\/\/almelaw.com\/sq\/#organization","name":"Law Office Aleksov & Memishi","alternateName":"almelaw.com","url":"https:\/\/almelaw.com\/sq\/","logo":{"@type":"ImageObject","inLanguage":"sq-AL","@id":"https:\/\/almelaw.com\/sq\/#\/schema\/logo\/image\/","url":"https:\/\/almelaw.com\/wp-content\/uploads\/2024\/04\/law_office_aleksov_memishi_logo.jpeg","contentUrl":"https:\/\/almelaw.com\/wp-content\/uploads\/2024\/04\/law_office_aleksov_memishi_logo.jpeg","width":200,"height":200,"caption":"Law Office Aleksov & Memishi"},"image":{"@id":"https:\/\/almelaw.com\/sq\/#\/schema\/logo\/image\/"},"sameAs":["https:\/\/www.facebook.com\/advokataleksov\/","https:\/\/www.linkedin.com\/company\/law-office-aleksov-memishi\/"]}]}},"_links":{"self":[{"href":"https:\/\/almelaw.com\/sq\/wp-json\/wp\/v2\/pages\/9887","targetHints":{"allow":["GET"]}}],"collection":[{"href":"https:\/\/almelaw.com\/sq\/wp-json\/wp\/v2\/pages"}],"about":[{"href":"https:\/\/almelaw.com\/sq\/wp-json\/wp\/v2\/types\/page"}],"author":[{"embeddable":true,"href":"https:\/\/almelaw.com\/sq\/wp-json\/wp\/v2\/users\/10"}],"replies":[{"embeddable":true,"href":"https:\/\/almelaw.com\/sq\/wp-json\/wp\/v2\/comments?post=9887"}],"version-history":[{"count":9,"href":"https:\/\/almelaw.com\/sq\/wp-json\/wp\/v2\/pages\/9887\/revisions"}],"predecessor-version":[{"id":9900,"href":"https:\/\/almelaw.com\/sq\/wp-json\/wp\/v2\/pages\/9887\/revisions\/9900"}],"wp:featuredmedia":[{"embeddable":true,"href":"https:\/\/almelaw.com\/sq\/wp-json\/wp\/v2\/media\/9893"}],"wp:attachment":[{"href":"https:\/\/almelaw.com\/sq\/wp-json\/wp\/v2\/media?parent=9887"}],"curies":[{"name":"wp","href":"https:\/\/api.w.org\/{rel}","templated":true}]}}